{"id":66,"date":"2025-05-10T23:23:27","date_gmt":"2025-05-10T21:23:27","guid":{"rendered":"http:\/\/zqsufzl.cluster100.hosting.ovh.net\/?page_id=66"},"modified":"2025-05-13T11:50:39","modified_gmt":"2025-05-13T09:50:39","slug":"musique-orchestrale","status":"publish","type":"page","link":"https:\/\/julientattevin.com\/index.php\/portfolio\/musique-orchestrale\/","title":{"rendered":"Musique orchestrale"},"content":{"rendered":"\n<p>L&rsquo;orchestre me passionne depuis toujours, que ce soit comme instrumentiste, comme chef d&rsquo;orchestre ou comme compositeur\/arrangeur. Apr\u00e8s avoir surtout \u00e9crit pour orchestre symphonique, je me consacre depuis 3 ans \u00e0 l&rsquo;orchestre d&rsquo;harmonie.<\/p>\n\n\n\n<div style=\"height:20px\" aria-hidden=\"true\" class=\"wp-block-spacer\"><\/div>\n\n\n\n<figure class=\"wp-block-embed is-type-video is-provider-youtube wp-block-embed-youtube wp-embed-aspect-16-9 wp-has-aspect-ratio\"><div class=\"wp-block-embed__wrapper\">\n<iframe loading=\"lazy\" title=\"Looking at a Rainbow through a dirty Window\" width=\"620\" height=\"349\" src=\"https:\/\/www.youtube.com\/embed\/ZTv3moqe0ug?feature=oembed\" frameborder=\"0\" allow=\"accelerometer; autoplay; clipboard-write; encrypted-media; gyroscope; picture-in-picture; web-share\" referrerpolicy=\"strict-origin-when-cross-origin\" allowfullscreen><\/iframe>\n<\/div><figcaption class=\"wp-element-caption\">Adaptation pour orchestre d&rsquo;harmonie et soliste de <em>Looking at a Rainbow through a dirty Window<\/em> de <a href=\"https:\/\/www.calum-stewart.com\/\" target=\"_blank\" rel=\"noreferrer noopener\">Calum Stewart<\/a>, enregistr\u00e9e en 2021 par <a rel=\"noreferrer noopener\" href=\"http:\/\/philhar.com\/\" target=\"_blank\">Nantes Philharmonie<\/a> avec Calum Stewart<\/figcaption><\/figure>\n\n\n\n<div style=\"height:20px\" aria-hidden=\"true\" class=\"wp-block-spacer\"><\/div>\n\n\n\n<figure class=\"wp-block-embed is-type-rich is-provider-soundcloud wp-block-embed-soundcloud\"><div class=\"wp-block-embed__wrapper\">\n<iframe loading=\"lazy\" title=\"Musique orchestrale by Julien Tattevin\" width=\"620\" height=\"450\" scrolling=\"no\" frameborder=\"no\" src=\"https:\/\/w.soundcloud.com\/player\/?visual=true&#038;url=https%3A%2F%2Fapi.soundcloud.com%2Fplaylists%2F1430602324&#038;show_artwork=true&#038;maxheight=930&#038;maxwidth=620&#038;secret_token=s-gocL7Gbik3E\"><\/iframe>\n<\/div><figcaption class=\"wp-element-caption\">Quelques extraits de mes arrangements et compositions pour orchestre symphonique ou harmonie<\/figcaption><\/figure>\n\n\n\n<div style=\"height:20px\" aria-hidden=\"true\" class=\"wp-block-spacer\"><\/div>\n\n\n\n<p class=\"has-text-align-center\"><strong>Partitions libres<\/strong><\/p>\n\n\n\n<div class=\"wp-block-columns is-layout-flex wp-container-core-columns-is-layout-9d6595d7 wp-block-columns-is-layout-flex\">\n<div class=\"wp-block-column is-layout-flow wp-block-column-is-layout-flow\">\n<div class=\"wp-block-media-text alignwide is-stacked-on-mobile\" style=\"grid-template-columns:15% auto\"><figure class=\"wp-block-media-text__media\"><a href=\"https:\/\/imslp.org\/wiki\/Special:ReverseLookup\/510399\" target=\"_blank\" rel=\"noopener\"><img loading=\"lazy\" decoding=\"async\" width=\"512\" height=\"512\" src=\"https:\/\/julientattevin.com\/wp-content\/uploads\/2025\/05\/music-score.png\" alt=\"\" class=\"wp-image-96 size-thumbnail\" srcset=\"https:\/\/julientattevin.com\/wp-content\/uploads\/2025\/05\/music-score.png 512w, https:\/\/julientattevin.com\/wp-content\/uploads\/2025\/05\/music-score-300x300.png 300w, https:\/\/julientattevin.com\/wp-content\/uploads\/2025\/05\/music-score-150x150.png 150w\" sizes=\"auto, (max-width: 512px) 100vw, 512px\" \/><\/a><\/figure><div class=\"wp-block-media-text__content\">\n<p class=\"has-text-align-center has-normal-font-size\">Intermezzo op. 118-2<\/p>\n\n\n\n<p class=\"has-text-align-center has-small-font-size\">de J. Brahms<\/p>\n\n\n\n<p class=\"has-text-align-center has-tiny-font-size\">(adapt. pour orchestre symphonique)<\/p>\n<\/div><\/div>\n<\/div>\n\n\n\n<div class=\"wp-block-column is-layout-flow wp-block-column-is-layout-flow\">\n<div class=\"wp-block-media-text alignwide is-stacked-on-mobile\" style=\"grid-template-columns:15% auto\"><figure class=\"wp-block-media-text__media\"><a href=\"https:\/\/imslp.org\/wiki\/Special:ReverseLookup\/512127\" target=\"_blank\" rel=\"noopener\"><img loading=\"lazy\" decoding=\"async\" width=\"512\" height=\"512\" src=\"https:\/\/julientattevin.com\/wp-content\/uploads\/2025\/05\/music-score.png\" alt=\"\" class=\"wp-image-96 size-thumbnail\" srcset=\"https:\/\/julientattevin.com\/wp-content\/uploads\/2025\/05\/music-score.png 512w, https:\/\/julientattevin.com\/wp-content\/uploads\/2025\/05\/music-score-300x300.png 300w, https:\/\/julientattevin.com\/wp-content\/uploads\/2025\/05\/music-score-150x150.png 150w\" sizes=\"auto, (max-width: 512px) 100vw, 512px\" \/><\/a><\/figure><div class=\"wp-block-media-text__content\">\n<p class=\"has-text-align-center has-normal-font-size\">Rondo en la m KV511<\/p>\n\n\n\n<p class=\"has-text-align-center has-small-font-size\">de W.A. Mozart<\/p>\n\n\n\n<p class=\"has-text-align-center has-tiny-font-size\">(adapt. pour orchestre symphonique)<\/p>\n<\/div><\/div>\n<\/div>\n<\/div>\n","protected":false},"excerpt":{"rendered":"<p>L&rsquo;orchestre me passionne depuis toujours, que ce soit comme instrumentiste, comme chef d&rsquo;orchestre ou comme compositeur\/arrangeur. Apr\u00e8s avoir surtout \u00e9crit pour orchestre symphonique, je me consacre depuis 3 ans \u00e0 l&rsquo;orchestre d&rsquo;harmonie. Partitions libres Intermezzo op. 118-2 de J. Brahms (adapt. pour orchestre symphonique) Rondo en la m KV511 de W.A. Mozart (adapt. pour orchestre<a class=\"more-link\" href=\"https:\/\/julientattevin.com\/index.php\/portfolio\/musique-orchestrale\/\">Continue reading <span class=\"screen-reader-text\">\u00ab\u00a0Musique orchestrale\u00a0\u00bb<\/span><\/a><\/p>\n","protected":false},"author":1,"featured_media":0,"parent":62,"menu_order":0,"comment_status":"closed","ping_status":"closed","template":"","meta":{"footnotes":""},"class_list":["post-66","page","type-page","status-publish","hentry","entry"],"_links":{"self":[{"href":"https:\/\/julientattevin.com\/index.php\/wp-json\/wp\/v2\/pages\/66","targetHints":{"allow":["GET"]}}],"collection":[{"href":"https:\/\/julientattevin.com\/index.php\/wp-json\/wp\/v2\/pages"}],"about":[{"href":"https:\/\/julientattevin.com\/index.php\/wp-json\/wp\/v2\/types\/page"}],"author":[{"embeddable":true,"href":"https:\/\/julientattevin.com\/index.php\/wp-json\/wp\/v2\/users\/1"}],"replies":[{"embeddable":true,"href":"https:\/\/julientattevin.com\/index.php\/wp-json\/wp\/v2\/comments?post=66"}],"version-history":[{"count":2,"href":"https:\/\/julientattevin.com\/index.php\/wp-json\/wp\/v2\/pages\/66\/revisions"}],"predecessor-version":[{"id":100,"href":"https:\/\/julientattevin.com\/index.php\/wp-json\/wp\/v2\/pages\/66\/revisions\/100"}],"up":[{"embeddable":true,"href":"https:\/\/julientattevin.com\/index.php\/wp-json\/wp\/v2\/pages\/62"}],"wp:attachment":[{"href":"https:\/\/julientattevin.com\/index.php\/wp-json\/wp\/v2\/media?parent=66"}],"curies":[{"name":"wp","href":"https:\/\/api.w.org\/{rel}","templated":true}]}}