{"id":64,"date":"2025-05-10T23:20:59","date_gmt":"2025-05-10T21:20:59","guid":{"rendered":"http:\/\/zqsufzl.cluster100.hosting.ovh.net\/?page_id=64"},"modified":"2025-05-13T11:49:47","modified_gmt":"2025-05-13T09:49:47","slug":"musique-de-chambre","status":"publish","type":"page","link":"https:\/\/julientattevin.com\/index.php\/portfolio\/musique-de-chambre\/","title":{"rendered":"Musique de chambre"},"content":{"rendered":"\n<p>Du piano solo au quintette \u00e0 vents, en passant par le quatuor \u00e0 cordes, l&rsquo;ensemble de chambre se pr\u00eate \u00e9galement \u00e0 l&rsquo;accompagnement de la po\u00e9sie chant\u00e9e comme ici avec les <em><a href=\"https:\/\/soundcloud.com\/julien-tattevin\/sets\/contemplations\" target=\"_blank\" rel=\"noreferrer noopener\">Contemplations<\/a> <\/em>de Victor Hugo ou <em><a href=\"https:\/\/soundcloud.com\/julien-tattevin\/a-thing-of-beauty-extraits\" data-type=\"URL\" data-id=\"https:\/\/soundcloud.com\/julien-tattevin\/a-thing-of-beauty-extraits\" target=\"_blank\" rel=\"noreferrer noopener\">A Thing of Beauty<\/a><\/em> de John Keats.<\/p>\n\n\n\n<figure class=\"wp-block-embed is-type-video is-provider-vimeo wp-block-embed-vimeo wp-embed-aspect-16-9 wp-has-aspect-ratio\"><div class=\"wp-block-embed__wrapper\">\n<iframe loading=\"lazy\" title=\"Contemplations - Teaser 1\" src=\"https:\/\/player.vimeo.com\/video\/60748131?dnt=1&amp;app_id=122963\" width=\"620\" height=\"349\" frameborder=\"0\" allow=\"autoplay; fullscreen; picture-in-picture; clipboard-write; encrypted-media\"><\/iframe>\n<\/div><figcaption class=\"wp-element-caption\">Arrangements pour quintette \u00e0 vent des compositions de Ney Bernhardt sur les <em><a href=\"https:\/\/soundcloud.com\/julien-tattevin\/sets\/contemplations\" target=\"_blank\" rel=\"noreferrer noopener\">Contemplations<\/a><\/em> de Victor Hugo<\/figcaption><\/figure>\n\n\n\n<div style=\"height:20px\" aria-hidden=\"true\" class=\"wp-block-spacer\"><\/div>\n\n\n\n<figure class=\"wp-block-embed is-type-rich is-provider-soundcloud wp-block-embed-soundcloud\"><div class=\"wp-block-embed__wrapper\">\n<iframe loading=\"lazy\" title=\"Musique de chambre by Julien Tattevin\" width=\"620\" height=\"450\" scrolling=\"no\" frameborder=\"no\" src=\"https:\/\/w.soundcloud.com\/player\/?visual=true&#038;url=https%3A%2F%2Fapi.soundcloud.com%2Fplaylists%2F1432659430&#038;show_artwork=true&#038;maxheight=930&#038;maxwidth=620&#038;secret_token=s-xtYEiWgqdMK\"><\/iframe>\n<\/div><figcaption class=\"wp-element-caption\">Compositions pour quatuor \u00e0 cordes ; voix d&rsquo;alto et ensemble de chambre ; piano<\/figcaption><\/figure>\n\n\n\n<div style=\"height:20px\" aria-hidden=\"true\" class=\"wp-block-spacer\"><\/div>\n\n\n\n<p class=\"has-text-align-center\"><strong><strong>Partitions libres<\/strong><\/strong><\/p>\n\n\n\n<div class=\"wp-block-columns is-layout-flex wp-container-core-columns-is-layout-9d6595d7 wp-block-columns-is-layout-flex\">\n<div class=\"wp-block-column is-layout-flow wp-block-column-is-layout-flow\">\n<div class=\"wp-block-media-text alignwide is-stacked-on-mobile\" style=\"grid-template-columns:15% auto\"><figure class=\"wp-block-media-text__media\"><a href=\"https:\/\/imslp.org\/wiki\/Special:ReverseLookup\/510159\" target=\"_blank\" rel=\" noreferrer noopener\"><img loading=\"lazy\" decoding=\"async\" width=\"512\" height=\"512\" src=\"https:\/\/julientattevin.com\/wp-content\/uploads\/2025\/05\/music-score.png\" alt=\"\" class=\"wp-image-96 size-thumbnail\" srcset=\"https:\/\/julientattevin.com\/wp-content\/uploads\/2025\/05\/music-score.png 512w, https:\/\/julientattevin.com\/wp-content\/uploads\/2025\/05\/music-score-300x300.png 300w, https:\/\/julientattevin.com\/wp-content\/uploads\/2025\/05\/music-score-150x150.png 150w\" sizes=\"auto, (max-width: 512px) 100vw, 512px\" \/><\/a><\/figure><div class=\"wp-block-media-text__content\">\n<p class=\"has-text-align-center has-normal-font-size\">Moment musical D780 n\u00b03<\/p>\n\n\n\n<p class=\"has-text-align-center has-small-font-size\">de F. Schubert<\/p>\n\n\n\n<p class=\"has-text-align-center has-tiny-font-size\">(adapt. pour clarinette, basson, cor, 2 violons, alto, violoncelle et contrebasse)<\/p>\n<\/div><\/div>\n<\/div>\n\n\n\n<div class=\"wp-block-column is-layout-flow wp-block-column-is-layout-flow\"><\/div>\n<\/div>\n","protected":false},"excerpt":{"rendered":"<p>Du piano solo au quintette \u00e0 vents, en passant par le quatuor \u00e0 cordes, l&rsquo;ensemble de chambre se pr\u00eate \u00e9galement \u00e0 l&rsquo;accompagnement de la po\u00e9sie chant\u00e9e comme ici avec les Contemplations de Victor Hugo ou A Thing of Beauty de John Keats. Partitions libres Moment musical D780 n\u00b03 de F. Schubert (adapt. pour clarinette, basson,<a class=\"more-link\" href=\"https:\/\/julientattevin.com\/index.php\/portfolio\/musique-de-chambre\/\">Continue reading <span class=\"screen-reader-text\">\u00ab\u00a0Musique de chambre\u00a0\u00bb<\/span><\/a><\/p>\n","protected":false},"author":1,"featured_media":0,"parent":62,"menu_order":0,"comment_status":"closed","ping_status":"closed","template":"","meta":{"footnotes":""},"class_list":["post-64","page","type-page","status-publish","hentry","entry"],"_links":{"self":[{"href":"https:\/\/julientattevin.com\/index.php\/wp-json\/wp\/v2\/pages\/64","targetHints":{"allow":["GET"]}}],"collection":[{"href":"https:\/\/julientattevin.com\/index.php\/wp-json\/wp\/v2\/pages"}],"about":[{"href":"https:\/\/julientattevin.com\/index.php\/wp-json\/wp\/v2\/types\/page"}],"author":[{"embeddable":true,"href":"https:\/\/julientattevin.com\/index.php\/wp-json\/wp\/v2\/users\/1"}],"replies":[{"embeddable":true,"href":"https:\/\/julientattevin.com\/index.php\/wp-json\/wp\/v2\/comments?post=64"}],"version-history":[{"count":3,"href":"https:\/\/julientattevin.com\/index.php\/wp-json\/wp\/v2\/pages\/64\/revisions"}],"predecessor-version":[{"id":99,"href":"https:\/\/julientattevin.com\/index.php\/wp-json\/wp\/v2\/pages\/64\/revisions\/99"}],"up":[{"embeddable":true,"href":"https:\/\/julientattevin.com\/index.php\/wp-json\/wp\/v2\/pages\/62"}],"wp:attachment":[{"href":"https:\/\/julientattevin.com\/index.php\/wp-json\/wp\/v2\/media?parent=64"}],"curies":[{"name":"wp","href":"https:\/\/api.w.org\/{rel}","templated":true}]}}