{"id":18,"date":"2025-05-10T22:10:48","date_gmt":"2025-05-10T20:10:48","guid":{"rendered":"http:\/\/zqsufzl.cluster100.hosting.ovh.net\/?page_id=18"},"modified":"2025-05-19T12:11:41","modified_gmt":"2025-05-19T10:11:41","slug":"accueil","status":"publish","type":"page","link":"https:\/\/julientattevin.com\/","title":{"rendered":"Accueil"},"content":{"rendered":"\n<h2 class=\"wp-block-heading has-text-align-center\">Actualit\u00e9s<\/h2>\n\n\n\n<div style=\"height:15px\" aria-hidden=\"true\" class=\"wp-block-spacer\"><\/div>\n\n\n\n<p>La commande de trois pi\u00e8ces pour la classe de saxophone du CRI de Ch\u00e2teaubriant a eu une suite inattendue puisque Laurent Chauvet et moi-m\u00eame avons \u00e9t\u00e9 r\u00e9compens\u00e9s pour ce projet du prix de l&rsquo;enseignement musical 2023. Si la plus belle r\u00e9compense reste l&rsquo;engagement des \u00e9l\u00e8ves, on ne boude pas ce plaisir et cette reconnaissance de nos pairs !<\/p>\n\n\n\n<div style=\"height:15px\" aria-hidden=\"true\" class=\"wp-block-spacer\"><\/div>\n\n\n\n<figure class=\"wp-block-embed is-type-video is-provider-youtube wp-block-embed-youtube wp-embed-aspect-16-9 wp-has-aspect-ratio\"><div class=\"wp-block-embed__wrapper\">\n<iframe loading=\"lazy\" title=\"Pr\u00e9sentation projet CRI Ch\u00e2teaubriant : cr\u00e9ations pour la classe de saxophone\" width=\"620\" height=\"349\" src=\"https:\/\/www.youtube.com\/embed\/UEUViDaLDW0?feature=oembed\" frameborder=\"0\" allow=\"accelerometer; autoplay; clipboard-write; encrypted-media; gyroscope; picture-in-picture; web-share\" referrerpolicy=\"strict-origin-when-cross-origin\" allowfullscreen><\/iframe>\n<\/div><\/figure>\n\n\n\n<div style=\"height:15px\" aria-hidden=\"true\" class=\"wp-block-spacer\"><\/div>\n\n\n\n<h2 class=\"wp-block-heading has-text-align-center\">Projets r\u00e9cents<\/h2>\n\n\n\n<div style=\"height:15px\" aria-hidden=\"true\" class=\"wp-block-spacer\"><\/div>\n\n\n<ul class=\"wp-block-latest-posts__list has-dates wp-block-latest-posts\"><li><div class=\"wp-block-latest-posts__featured-image alignright\"><img loading=\"lazy\" decoding=\"async\" width=\"150\" height=\"150\" src=\"https:\/\/julientattevin.com\/wp-content\/uploads\/2025\/05\/482249399_1079014957605133_1660298438191677306_n-150x150.jpg\" class=\"attachment-thumbnail size-thumbnail wp-post-image\" alt=\"\" style=\"max-width:150px;max-height:150px;\" srcset=\"https:\/\/julientattevin.com\/wp-content\/uploads\/2025\/05\/482249399_1079014957605133_1660298438191677306_n-150x150.jpg 150w, https:\/\/julientattevin.com\/wp-content\/uploads\/2025\/05\/482249399_1079014957605133_1660298438191677306_n-300x300.jpg 300w, https:\/\/julientattevin.com\/wp-content\/uploads\/2025\/05\/482249399_1079014957605133_1660298438191677306_n-1024x1024.jpg 1024w, https:\/\/julientattevin.com\/wp-content\/uploads\/2025\/05\/482249399_1079014957605133_1660298438191677306_n-768x768.jpg 768w, https:\/\/julientattevin.com\/wp-content\/uploads\/2025\/05\/482249399_1079014957605133_1660298438191677306_n.jpg 1500w\" sizes=\"auto, (max-width: 150px) 100vw, 150px\" \/><\/div><a class=\"wp-block-latest-posts__post-title\" href=\"https:\/\/julientattevin.com\/index.php\/2025\/01\/28\/delles-et-dailleurs\/\">D\u2019Elles\u2026 et d\u2019ailleurs<\/a><time datetime=\"2025-01-28T20:30:00+01:00\" class=\"wp-block-latest-posts__post-date\">28 janvier 2025<\/time><div class=\"wp-block-latest-posts__post-excerpt\">Pour la troisi\u00e8me ann\u00e9e, l&rsquo;\u00e9cole de musique OrigaMi d&rsquo;Orvault m&rsquo;a sollicit\u00e9 pour \u00e9crire les arrangements pour son concert des professeurs. Un programme autour de la figure f\u00e9minine en musique.<\/div><\/li>\n<li><div class=\"wp-block-latest-posts__featured-image alignright\"><img loading=\"lazy\" decoding=\"async\" width=\"150\" height=\"150\" src=\"https:\/\/julientattevin.com\/wp-content\/uploads\/2025\/05\/bois-150x150.jpg\" class=\"attachment-thumbnail size-thumbnail wp-post-image\" alt=\"\" style=\"max-width:150px;max-height:150px;\" \/><\/div><a class=\"wp-block-latest-posts__post-title\" href=\"https:\/\/julientattevin.com\/index.php\/2024\/05\/31\/roseaux-latinos\/\">Roseaux Latinos<\/a><time datetime=\"2024-05-31T20:00:00+02:00\" class=\"wp-block-latest-posts__post-date\">31 mai 2024<\/time><div class=\"wp-block-latest-posts__post-excerpt\">Sur une initiative de Laura Bosse, professeur de hautbois, la Maison des Arts de Saint-Herblain me commande du r\u00e9pertoire p\u00e9dagogique inspir\u00e9 par les musiques d&rsquo;Am\u00e9rique latine.<\/div><\/li>\n<li><div class=\"wp-block-latest-posts__featured-image alignright\"><img loading=\"lazy\" decoding=\"async\" width=\"150\" height=\"150\" src=\"https:\/\/julientattevin.com\/wp-content\/uploads\/2025\/05\/IMG_5118-rotated-1-150x150.jpg\" class=\"attachment-thumbnail size-thumbnail wp-post-image\" alt=\"\" style=\"max-width:150px;max-height:150px;\" \/><\/div><a class=\"wp-block-latest-posts__post-title\" href=\"https:\/\/julientattevin.com\/index.php\/2024\/03\/09\/valse-triste-de-paul-ladmirault\/\">Valse triste de Paul Ladmirault<\/a><time datetime=\"2024-03-09T20:00:00+01:00\" class=\"wp-block-latest-posts__post-date\">9 mars 2024<\/time><div class=\"wp-block-latest-posts__post-excerpt\">Cr\u00e9ation \u00e0 Machecoul de ma transcription de la Valse triste de Paul Ladmirault pour le trio Ladmirault (orgue, fl\u00fbte traversi\u00e8re, hautbois). Elle est rejou\u00e9e \u00e0 Olonne le 10 mars et \u00e0 Nantes le 24 novembre prochain.<\/div><\/li>\n<li><div class=\"wp-block-latest-posts__featured-image alignright\"><img loading=\"lazy\" decoding=\"async\" width=\"150\" height=\"150\" src=\"https:\/\/julientattevin.com\/wp-content\/uploads\/2024\/02\/images-150x150.png\" class=\"attachment-thumbnail size-thumbnail wp-post-image\" alt=\"\" style=\"max-width:150px;max-height:150px;\" \/><\/div><a class=\"wp-block-latest-posts__post-title\" href=\"https:\/\/julientattevin.com\/index.php\/2024\/02\/03\/orchestre-le-chaudron-a-la-folle-journee\/\">Orchestre \u00ab\u00a0Le Chaudron\u00a0\u00bb<\/a><time datetime=\"2024-02-03T10:00:00+01:00\" class=\"wp-block-latest-posts__post-date\">3 f\u00e9vrier 2024<\/time><div class=\"wp-block-latest-posts__post-excerpt\">Dans le cadre de la participation d&rsquo;un ensemble d&rsquo;\u00e9l\u00e8ves \u00e0 la Folle Journ\u00e9e de Nantes, le Conservatoire de Ch\u00e2teaubriant m&rsquo;a command\u00e9 l&rsquo;\u00e9criture d&rsquo;un r\u00e9pertoire inspir\u00e9 de la musique traditionnelle bretonne et revisit\u00e9 par des compositeurs de formation classique.<\/div><\/li>\n<li><div class=\"wp-block-latest-posts__featured-image alignright\"><img loading=\"lazy\" decoding=\"async\" width=\"150\" height=\"150\" src=\"https:\/\/julientattevin.com\/wp-content\/uploads\/2025\/05\/421799039_2023965234645143_3453538146165804847_n-150x150.jpg\" class=\"attachment-thumbnail size-thumbnail wp-post-image\" alt=\"\" style=\"max-width:150px;max-height:150px;\" \/><\/div><a class=\"wp-block-latest-posts__post-title\" href=\"https:\/\/julientattevin.com\/index.php\/2024\/01\/23\/viens-sur-ma-planete\/\">Viens sur ma plan\u00e8te<\/a><time datetime=\"2024-01-23T20:30:00+01:00\" class=\"wp-block-latest-posts__post-date\">23 janvier 2024<\/time><div class=\"wp-block-latest-posts__post-excerpt\">L&rsquo;\u00e9cole des musiques d&rsquo;Orvault, Origami, me fait \u00e0 nouveau l&rsquo;honneur de me confier l&rsquo;\u00e9criture des arrangements pour le concert de ses professeurs. Un programme \u00e9clectique autour des plan\u00e8tes tr\u00e8s plaisant \u00e0 adapter : bien s\u00fbr du Holst, mais aussi du Mozart, John Williams, David Bowie, Stevie Wonder, les Beatles.<\/div><\/li>\n<\/ul>\n\n\n<p><\/p>\n","protected":false},"excerpt":{"rendered":"<p>Actualit\u00e9s La commande de trois pi\u00e8ces pour la classe de saxophone du CRI de Ch\u00e2teaubriant a eu une suite inattendue puisque Laurent Chauvet et moi-m\u00eame avons \u00e9t\u00e9 r\u00e9compens\u00e9s pour ce projet du prix de l&rsquo;enseignement musical 2023. Si la plus belle r\u00e9compense reste l&rsquo;engagement des \u00e9l\u00e8ves, on ne boude pas ce plaisir et cette reconnaissance<a class=\"more-link\" href=\"https:\/\/julientattevin.com\/\">Continue reading <span class=\"screen-reader-text\">\u00ab\u00a0Accueil\u00a0\u00bb<\/span><\/a><\/p>\n","protected":false},"author":1,"featured_media":0,"parent":0,"menu_order":0,"comment_status":"closed","ping_status":"closed","template":"","meta":{"footnotes":""},"class_list":["post-18","page","type-page","status-publish","hentry","entry"],"_links":{"self":[{"href":"https:\/\/julientattevin.com\/index.php\/wp-json\/wp\/v2\/pages\/18","targetHints":{"allow":["GET"]}}],"collection":[{"href":"https:\/\/julientattevin.com\/index.php\/wp-json\/wp\/v2\/pages"}],"about":[{"href":"https:\/\/julientattevin.com\/index.php\/wp-json\/wp\/v2\/types\/page"}],"author":[{"embeddable":true,"href":"https:\/\/julientattevin.com\/index.php\/wp-json\/wp\/v2\/users\/1"}],"replies":[{"embeddable":true,"href":"https:\/\/julientattevin.com\/index.php\/wp-json\/wp\/v2\/comments?post=18"}],"version-history":[{"count":4,"href":"https:\/\/julientattevin.com\/index.php\/wp-json\/wp\/v2\/pages\/18\/revisions"}],"predecessor-version":[{"id":122,"href":"https:\/\/julientattevin.com\/index.php\/wp-json\/wp\/v2\/pages\/18\/revisions\/122"}],"wp:attachment":[{"href":"https:\/\/julientattevin.com\/index.php\/wp-json\/wp\/v2\/media?parent=18"}],"curies":[{"name":"wp","href":"https:\/\/api.w.org\/{rel}","templated":true}]}}